{"id":11291,"date":"2017-11-23T11:21:55","date_gmt":"2017-11-23T11:21:55","guid":{"rendered":"http:\/\/www.bca.ad\/premini-a\/"},"modified":"2022-11-30T17:28:40","modified_gmt":"2022-11-30T17:28:40","slug":"infantil-rojo","status":"publish","type":"page","link":"https:\/\/www.bca.ad\/es\/la-base\/infantil-rojo\/","title":{"rendered":"Infantil Rojo"},"content":{"rendered":"<div class=\"eut-section eut-row-section eut-fullwidth-background eut-padding-top-1x eut-padding-bottom-1x\" data-tablet-sm-height-ratio=\"0\" data-mobile-height-ratio=\"0\"><div class=\"eut-container\"><div class=\"eut-row eut-bookmark eut-columns-gap-default eut-mobile-vertical-gap-30\"><div class=\"eut-column wpb_column eut-bookmark eut-column-3-4\" ><div class=\"eut-column-wrapper\"><div class=\"eut-column-content\" ><div class=\"eut-element eut-image eut-align-center\" style=\"\"><div class=\"eut-image-wrapper eut-popup-item\" style=\"max-width:1024px;\"><div class=\"eut-thumbnail-wrapper\"  style=\"max-width: 1024px;\"><div class=\"eut-thumbnail\"  style=\"padding-top: 66.406%;\"><img loading=\"lazy\" decoding=\"async\" width=\"1024\" height=\"680\" src=\"https:\/\/www.bca.ad\/wp-content\/uploads\/2022\/11\/base_infantil-vermell_21-22.jpg\" class=\"attachment-full size-full eut-lazy-load lazyload\" alt=\"\" data-eutf-filter=\"yes\" srcset=\"https:\/\/www.bca.ad\/wp-content\/themes\/crocal\/images\/empty\/empty.png\" data-src=\"https:\/\/www.bca.ad\/wp-content\/uploads\/2022\/11\/base_infantil-vermell_21-22.jpg\" data-sizes=\"auto\" data-srcset=\"https:\/\/www.bca.ad\/wp-content\/uploads\/2022\/11\/base_infantil-vermell_21-22.jpg 1024w, https:\/\/www.bca.ad\/wp-content\/uploads\/2022\/11\/base_infantil-vermell_21-22-300x199.jpg 300w, https:\/\/www.bca.ad\/wp-content\/uploads\/2022\/11\/base_infantil-vermell_21-22-768x510.jpg 768w, https:\/\/www.bca.ad\/wp-content\/uploads\/2022\/11\/base_infantil-vermell_21-22-600x398.jpg 600w\" data-expand=\"1\" \/><\/div><\/div>  <\/div><\/div><div class=\"eut-element eut-text\">\r\n\t\t\t<h3>Entrenadores:<\/h3>\n<p>Xavier Isern-Marc Vila<\/p>\n<h3>Jugadores:<\/h3>\n<p>LAMELAS GERARD &#8211; BOTTIROLI LUKA &#8211; MATENCIO JORDI &#8211; PALLEROLA ADRI\u00c0 &#8211; COSTA DAN &#8211; ESTRABAUD IAN &#8211; COLL JOAN &#8211; MIRALLES ALBERT &#8211; GOLDIN SINAI &#8211; ARMENGOL ARNAU &#8211; ALIS MARC &#8211; DIAS DYLAN<\/p>\n\r\n\t\t<\/div>\r\n\t<\/div><div class=\"eut-background-wrapper\"><\/div><\/div><\/div><div class=\"eut-column wpb_column eut-bookmark eut-column-1-4\" ><div class=\"eut-column-wrapper\"><div class=\"eut-column-content\" ><div class=\"eut-element eut-text\">\r\n\t\t\t<h2>Equipos<\/h2>\n\r\n\t\t<\/div>\r\n\t<div  class=\"wpb_widgetised_column wpb_content_element\">\n\t\t<div class=\"wpb_wrapper\">\n\t\t\t\n\t\t\t<div id=\"nav_menu-4\" class=\"eut-widget widget widget_nav_menu\"><div class=\"menu-la-base-container\"><ul id=\"menu-la-base\" class=\"menu\"><li id=\"menu-item-34429\" class=\"menu-item menu-item-type-post_type menu-item-object-page menu-item-34429\"><a href=\"https:\/\/www.bca.ad\/la-base\/junior-vermell-autoescola-olimpica-23-24\/\">Junior 2006 Autoescola Ol\u00edmpica<\/a><\/li>\n<li id=\"menu-item-34428\" class=\"menu-item menu-item-type-post_type menu-item-object-page menu-item-34428\"><a href=\"https:\/\/www.bca.ad\/la-base\/junior-groc-23-24\/\">J\u00fanior A<\/a><\/li>\n<li id=\"menu-item-34427\" class=\"menu-item menu-item-type-post_type menu-item-object-page menu-item-34427\"><a href=\"https:\/\/www.bca.ad\/la-base\/junior-2007-23-24\/\">J\u00fanior Femenino<\/a><\/li>\n<li id=\"menu-item-34419\" class=\"menu-item menu-item-type-post_type menu-item-object-page menu-item-34419\"><a href=\"https:\/\/www.bca.ad\/la-base\/cadet-vermell-abast-23-24\/\">Cadete Rojo Undercoverlab<\/a><\/li>\n<li id=\"menu-item-34416\" class=\"menu-item menu-item-type-post_type menu-item-object-page menu-item-34416\"><a href=\"https:\/\/www.bca.ad\/la-base\/cadet-gala-perfumeries-23-24\/\">Cadete 2008<\/a><\/li>\n<li id=\"menu-item-34417\" class=\"menu-item menu-item-type-post_type menu-item-object-page menu-item-34417\"><a href=\"https:\/\/www.bca.ad\/la-base\/cadet-groc-23-24\/\">Cadete Amarillo<\/a><\/li>\n<li id=\"menu-item-34426\" class=\"menu-item menu-item-type-post_type menu-item-object-page menu-item-34426\"><a href=\"https:\/\/www.bca.ad\/la-base\/infantil-vermell-23-24\/\">Infantil Rojo<\/a><\/li>\n<li id=\"menu-item-34424\" class=\"menu-item menu-item-type-post_type menu-item-object-page menu-item-34424\"><a href=\"https:\/\/www.bca.ad\/la-base\/infantil-femeni-nuria-tintoreries-23-24\/\">Infantil Femenino Gala Perfumeries<\/a><\/li>\n<li id=\"menu-item-34422\" class=\"menu-item menu-item-type-post_type menu-item-object-page menu-item-34422\"><a href=\"https:\/\/www.bca.ad\/la-base\/infantil-2011-23-24\/\">Infantil 2010<\/a><\/li>\n<li id=\"menu-item-34425\" class=\"menu-item menu-item-type-post_type menu-item-object-page menu-item-34425\"><a href=\"https:\/\/www.bca.ad\/la-base\/infantil-groc-23-24\/\">Infantil Amarillo<\/a><\/li>\n<li id=\"menu-item-34436\" class=\"menu-item menu-item-type-post_type menu-item-object-page menu-item-34436\"><a href=\"https:\/\/www.bca.ad\/la-base\/mini-vermell-23-24\/\">Mini Rojo<\/a><\/li>\n<li id=\"menu-item-34434\" class=\"menu-item menu-item-type-post_type menu-item-object-page menu-item-34434\"><a href=\"https:\/\/www.bca.ad\/la-base\/mini-groc-23-24\/\">Mini Amarillo Assegurances Cubillas<\/a><\/li>\n<li id=\"menu-item-34433\" class=\"menu-item menu-item-type-post_type menu-item-object-page menu-item-34433\"><a href=\"https:\/\/www.bca.ad\/la-base\/mini-b-femeni-23-24\/\">Mini Femenino N\u00faria Tintoreria<\/a><\/li>\n<li id=\"menu-item-34437\" class=\"menu-item menu-item-type-post_type menu-item-object-page menu-item-34437\"><a href=\"https:\/\/www.bca.ad\/la-base\/premini-a-23-24\/\">Premini A<\/a><\/li>\n<li id=\"menu-item-34438\" class=\"menu-item menu-item-type-post_type menu-item-object-page menu-item-34438\"><a href=\"https:\/\/www.bca.ad\/la-base\/premini-b-23-24\/\">Premini B Inlingua<\/a><\/li>\n<li id=\"menu-item-34439\" class=\"menu-item menu-item-type-post_type menu-item-object-page menu-item-34439\"><a href=\"https:\/\/www.bca.ad\/la-base\/premini-femeni-23-24\/\">Premini Femenino<\/a><\/li>\n<li id=\"menu-item-34420\" class=\"menu-item menu-item-type-post_type menu-item-object-page menu-item-34420\"><a href=\"https:\/\/www.bca.ad\/la-base\/capacitats-especials-escaldes-engordany-23-24\/\">Capacidades Especiales Escaldes-Engordany<\/a><\/li>\n<li id=\"menu-item-34421\" class=\"menu-item menu-item-type-post_type menu-item-object-page menu-item-34421\"><a href=\"https:\/\/www.bca.ad\/la-base\/escolar-23-24\/\">Escolar Inlingua<\/a><\/li>\n<li id=\"menu-item-34430\" class=\"menu-item menu-item-type-post_type menu-item-object-page menu-item-34430\"><a href=\"https:\/\/www.bca.ad\/la-base\/micro-23-24\/\">Micro<\/a><\/li>\n<li id=\"menu-item-34435\" class=\"menu-item menu-item-type-post_type menu-item-object-page menu-item-34435\"><a href=\"https:\/\/www.bca.ad\/la-base\/mini-infantil-obert-23-24\/\">Mini infantil abierto<\/a><\/li>\n<li id=\"menu-item-34423\" class=\"menu-item menu-item-type-post_type menu-item-object-page menu-item-34423\"><a href=\"https:\/\/www.bca.ad\/la-base\/infantil-cadet-femeni-obert-23-24\/\">Infantil Blanco<\/a><\/li>\n<li id=\"menu-item-34418\" class=\"menu-item menu-item-type-post_type menu-item-object-page menu-item-34418\"><a href=\"https:\/\/www.bca.ad\/la-base\/cadet-junior-obert-23-24\/\">Cadete j\u00fanior abierto<\/a><\/li>\n<\/ul><\/div><\/div>\n\t\t<\/div>\n\t<\/div>\n<\/div><div class=\"eut-background-wrapper\"><\/div><\/div><\/div><\/div><\/div><div class=\"eut-background-wrapper\"><\/div><\/div>\n","protected":false},"excerpt":{"rendered":"Entrenadores: Xavier Isern-Marc Vila Jugadores: LAMELAS GERARD - BOTTIROLI LUKA - MATENCIO JORDI - PALLEROLA ADRI\u00c0 - COSTA DAN - ESTRABAUD IAN - COLL JOAN - MIRALLES ALBERT - GOLDIN SINAI - ARMENGOL ARNAU - ALIS MARC - DIAS DYLAN Equipos Junior 2006 Autoescola Ol\u00edmpica J\u00fanior A J\u00fanior Femenino Cadete Rojo Undercoverlab Cadete 2008 Cadete [...]","protected":false},"author":102,"featured_media":0,"parent":6303,"menu_order":0,"comment_status":"closed","ping_status":"closed","template":"","meta":{"om_disable_all_campaigns":false,"inline_featured_image":false,"_monsterinsights_skip_tracking":false,"_monsterinsights_sitenote_active":false,"_monsterinsights_sitenote_note":"","_monsterinsights_sitenote_category":0,"_uf_show_specific_survey":0,"_uf_disable_surveys":false,"footnotes":""},"class_list":["post-11291","page","type-page","status-publish","hentry"],"aioseo_notices":[],"_links":{"self":[{"href":"https:\/\/www.bca.ad\/es\/wp-json\/wp\/v2\/pages\/11291","targetHints":{"allow":["GET"]}}],"collection":[{"href":"https:\/\/www.bca.ad\/es\/wp-json\/wp\/v2\/pages"}],"about":[{"href":"https:\/\/www.bca.ad\/es\/wp-json\/wp\/v2\/types\/page"}],"author":[{"embeddable":true,"href":"https:\/\/www.bca.ad\/es\/wp-json\/wp\/v2\/users\/102"}],"replies":[{"embeddable":true,"href":"https:\/\/www.bca.ad\/es\/wp-json\/wp\/v2\/comments?post=11291"}],"version-history":[{"count":0,"href":"https:\/\/www.bca.ad\/es\/wp-json\/wp\/v2\/pages\/11291\/revisions"}],"up":[{"embeddable":true,"href":"https:\/\/www.bca.ad\/es\/wp-json\/wp\/v2\/pages\/6303"}],"wp:attachment":[{"href":"https:\/\/www.bca.ad\/es\/wp-json\/wp\/v2\/media?parent=11291"}],"curies":[{"name":"wp","href":"https:\/\/api.w.org\/{rel}","templated":true}]}}