{"id":6388,"date":"2014-01-15T14:24:59","date_gmt":"2014-01-15T14:24:59","guid":{"rendered":"http:\/\/www.bca.ad\/bca-2\/?lang=es"},"modified":"2025-12-04T17:38:48","modified_gmt":"2025-12-04T16:38:48","slug":"el-basquet-club-andorra","status":"publish","type":"page","link":"https:\/\/www.bca.ad\/es\/el-basquet-club-andorra\/","title":{"rendered":"El B\u00e1squet Club Andorra"},"content":{"rendered":"<div class=\"eut-section eut-row-section eut-fullwidth-background bca-organigrama eut-padding-top-1x eut-padding-bottom-1x\" data-tablet-sm-height-ratio=\"0\" data-mobile-height-ratio=\"0\"><div class=\"eut-container\"><div class=\"eut-row eut-bookmark eut-columns-gap-default eut-mobile-vertical-gap-30\"><div class=\"eut-column wpb_column eut-bookmark eut-column-2-3\" ><div class=\"eut-column-wrapper\"><div class=\"eut-column-content\" ><div class=\"eut-element eut-image eut-align-center\" style=\"\"><div class=\"eut-image-wrapper eut-popup-item\" style=\"max-width:780px;\"><div class=\"eut-thumbnail-wrapper\"  style=\"max-width: 780px;\"><div class=\"eut-thumbnail\"  style=\"padding-top: 66.667%;\"><img loading=\"lazy\" decoding=\"async\" width=\"780\" height=\"520\" src=\"https:\/\/www.bca.ad\/wp-content\/uploads\/2019\/10\/el-basquet-club-andorra_partit.jpg\" class=\"attachment-full size-full eut-lazy-load lazyload\" alt=\"\" data-eutf-filter=\"yes\" srcset=\"https:\/\/www.bca.ad\/wp-content\/themes\/crocal\/images\/empty\/empty.png\" data-src=\"https:\/\/www.bca.ad\/wp-content\/uploads\/2019\/10\/el-basquet-club-andorra_partit.jpg\" data-sizes=\"auto\" data-srcset=\"https:\/\/www.bca.ad\/wp-content\/uploads\/2019\/10\/el-basquet-club-andorra_partit.jpg 780w, https:\/\/www.bca.ad\/wp-content\/uploads\/2019\/10\/el-basquet-club-andorra_partit-600x400.jpg 600w, https:\/\/www.bca.ad\/wp-content\/uploads\/2019\/10\/el-basquet-club-andorra_partit-300x200.jpg 300w, https:\/\/www.bca.ad\/wp-content\/uploads\/2019\/10\/el-basquet-club-andorra_partit-768x512.jpg 768w\" data-expand=\"1\" \/><\/div><\/div>  <\/div><\/div><div class=\"eut-element eut-text\">\r\n\t\t\t<p>El B\u00e1squet Club Andorra fue fundado con el nombre de <strong>Club de Basket Les Escaldes,<\/strong> el d\u00eda 12 de junio de 1970. El a\u00f1o siguiente, concretamente el 12 de abril, se aprueba el cambio de nombre de la entidad por el actual <strong>B\u00e1squet Club Andorra.\u00a0<\/strong><\/p>\n\r\n\t\t<\/div>\r\n\t<div class=\"eut-element eut-image eut-align-center\" style=\"\"><div class=\"eut-image-wrapper eut-popup-item\" style=\"max-width:780px;\"><div class=\"eut-thumbnail-wrapper\"  style=\"max-width: 780px;\"><div class=\"eut-thumbnail\"  style=\"padding-top: 66.667%;\"><img loading=\"lazy\" decoding=\"async\" width=\"780\" height=\"520\" src=\"https:\/\/www.bca.ad\/wp-content\/uploads\/2019\/10\/el-basquet-club-andorra_bca-1970-71.jpg\" class=\"attachment-full size-full eut-lazy-load lazyload\" alt=\"\" data-eutf-filter=\"yes\" srcset=\"https:\/\/www.bca.ad\/wp-content\/themes\/crocal\/images\/empty\/empty.png\" data-src=\"https:\/\/www.bca.ad\/wp-content\/uploads\/2019\/10\/el-basquet-club-andorra_bca-1970-71.jpg\" data-sizes=\"auto\" data-srcset=\"https:\/\/www.bca.ad\/wp-content\/uploads\/2019\/10\/el-basquet-club-andorra_bca-1970-71.jpg 780w, https:\/\/www.bca.ad\/wp-content\/uploads\/2019\/10\/el-basquet-club-andorra_bca-1970-71-600x400.jpg 600w, https:\/\/www.bca.ad\/wp-content\/uploads\/2019\/10\/el-basquet-club-andorra_bca-1970-71-300x200.jpg 300w, https:\/\/www.bca.ad\/wp-content\/uploads\/2019\/10\/el-basquet-club-andorra_bca-1970-71-768x512.jpg 768w\" data-expand=\"1\" \/><\/div><\/div>  <\/div><\/div><div class=\"eut-element eut-text\">\r\n\t\t\t<p>El primer \u00e9xito importante llega en la temporada 1981\/82, como Campeones de Catalu\u00f1a de 2\u00aa Categor\u00eda, i ascenso a la 3\u00aa Categor\u00eda. A partir de ese momento, el club comienza una trayectoria ascendente que concluye la temporada 91\/92 al proclamarse campe\u00f3n de la Liga Nacional Catalana \u201cB\u201d y, en la misma temporada, Campe\u00f3n de la Liga Espa\u00f1ola de Primera B, alcanzando el mayor \u00e9xito de la historia del club hasta el momento: <strong>el ascenso a la Liga ACB.<\/strong><\/p>\n\r\n\t\t<\/div>\r\n\t<div class=\"eut-element eut-image eut-align-center\" style=\"\"><div class=\"eut-image-wrapper eut-popup-item\" style=\"max-width:780px;\"><div class=\"eut-thumbnail-wrapper\"  style=\"max-width: 780px;\"><div class=\"eut-thumbnail\"  style=\"padding-top: 66.667%;\"><img loading=\"lazy\" decoding=\"async\" width=\"780\" height=\"520\" src=\"https:\/\/www.bca.ad\/wp-content\/uploads\/2019\/10\/el-basquet-club-andorra_tall-cistella.jpg\" class=\"attachment-full size-full eut-lazy-load lazyload\" alt=\"\" data-eutf-filter=\"yes\" srcset=\"https:\/\/www.bca.ad\/wp-content\/themes\/crocal\/images\/empty\/empty.png\" data-src=\"https:\/\/www.bca.ad\/wp-content\/uploads\/2019\/10\/el-basquet-club-andorra_tall-cistella.jpg\" data-sizes=\"auto\" data-srcset=\"https:\/\/www.bca.ad\/wp-content\/uploads\/2019\/10\/el-basquet-club-andorra_tall-cistella.jpg 780w, https:\/\/www.bca.ad\/wp-content\/uploads\/2019\/10\/el-basquet-club-andorra_tall-cistella-600x400.jpg 600w, https:\/\/www.bca.ad\/wp-content\/uploads\/2019\/10\/el-basquet-club-andorra_tall-cistella-300x200.jpg 300w, https:\/\/www.bca.ad\/wp-content\/uploads\/2019\/10\/el-basquet-club-andorra_tall-cistella-768x512.jpg 768w\" data-expand=\"1\" \/><\/div><\/div>  <\/div><\/div><div class=\"eut-element eut-text\">\r\n\t\t\t<p>Durante cuatro temporadas, el B\u00e1squet Club Festina Andorra se mantiene en la \u00e9lite del b\u00e1squet espa\u00f1ol. Entre los hechos destacados esos a\u00f1os fue participar en la Copa del Rey y debutar en competiciones europeas con la Copa KORAC. Lamentablemente esa misma temporada, la 95\/96, el club pierde la categor\u00eda y desciende a la Liga LEB, la que tambi\u00e9n acaba perdiendo, en esa ocasi\u00f3n por motivos extradeportivos.<\/p>\n\r\n\t\t<\/div>\r\n\t<div class=\"eut-element eut-image eut-align-center\" style=\"\"><div class=\"eut-image-wrapper eut-popup-item\" style=\"max-width:780px;\"><div class=\"eut-thumbnail-wrapper\"  style=\"max-width: 780px;\"><div class=\"eut-thumbnail\"  style=\"padding-top: 66.667%;\"><img loading=\"lazy\" decoding=\"async\" width=\"780\" height=\"520\" src=\"https:\/\/www.bca.ad\/wp-content\/uploads\/2019\/10\/el-basquet-club-andorra_festina.jpg\" class=\"attachment-full size-full eut-lazy-load lazyload\" alt=\"\" data-eutf-filter=\"yes\" srcset=\"https:\/\/www.bca.ad\/wp-content\/themes\/crocal\/images\/empty\/empty.png\" data-src=\"https:\/\/www.bca.ad\/wp-content\/uploads\/2019\/10\/el-basquet-club-andorra_festina.jpg\" data-sizes=\"auto\" data-srcset=\"https:\/\/www.bca.ad\/wp-content\/uploads\/2019\/10\/el-basquet-club-andorra_festina.jpg 780w, https:\/\/www.bca.ad\/wp-content\/uploads\/2019\/10\/el-basquet-club-andorra_festina-600x400.jpg 600w, https:\/\/www.bca.ad\/wp-content\/uploads\/2019\/10\/el-basquet-club-andorra_festina-300x200.jpg 300w, https:\/\/www.bca.ad\/wp-content\/uploads\/2019\/10\/el-basquet-club-andorra_festina-768x512.jpg 768w\" data-expand=\"1\" \/><\/div><\/div>  <\/div><\/div><div class=\"eut-element eut-text\">\r\n\t\t\t<div class=\"taules_club\">\n<div class=\"taules_club\">\n<p>Despu\u00e9s de los descensos, la temporada 97\/98 el segundo equipo Senior Masculino asume el rol de primer equipo y sale a competir en la categor\u00eda de 3\u00aa Catalana. Aquel a\u00f1o, el equipo se proclama campe\u00f3n de Catalu\u00f1a y consigue el ascenso a 2\u00aa Catalana. Fue el primero de los grandes retos obtenidos, ya que poco a poco se fueron sumando ascensos de categor\u00eda hasta conseguir el acceso a la <strong>Liga EBA<\/strong>.<\/p>\n<p>Cuatro temporadas en EBA hasta hacer el salto la temporada 08\/09 hacia la <strong>LEB Plata<\/strong>. La temporada 10\/11 fue la consolidaci\u00f3n hacia el b\u00e1squet profesional espa\u00f1ol con la disputa, por primera vez en toda la historia, de la final por un t\u00edtulo oficial: la Copa Adecco Plata, as\u00ed como tambi\u00e9n la final del play-off de ascenso a la LEB Oro. Un a\u00f1o m\u00e1s tarde, se obtiene una nueva clasificaci\u00f3n a la final de Copa y un \u00e9xito mucho m\u00e1s grande: <strong>campeones de LEB Plata y ascenso directo de categor\u00eda a la Adecco Oro.<\/strong><\/p>\n<\/div>\n<\/div>\n\r\n\t\t<\/div>\r\n\t<div class=\"eut-element eut-image eut-align-center\" style=\"\"><div class=\"eut-image-wrapper eut-popup-item\" style=\"max-width:780px;\"><div class=\"eut-thumbnail-wrapper\"  style=\"max-width: 780px;\"><div class=\"eut-thumbnail\"  style=\"padding-top: 66.667%;\"><img loading=\"lazy\" decoding=\"async\" width=\"780\" height=\"520\" src=\"https:\/\/www.bca.ad\/wp-content\/uploads\/2019\/10\/el-basquet-club-andorra_celebracio.jpg\" class=\"attachment-full size-full eut-lazy-load lazyload\" alt=\"\" data-eutf-filter=\"yes\" srcset=\"https:\/\/www.bca.ad\/wp-content\/themes\/crocal\/images\/empty\/empty.png\" data-src=\"https:\/\/www.bca.ad\/wp-content\/uploads\/2019\/10\/el-basquet-club-andorra_celebracio.jpg\" data-sizes=\"auto\" data-srcset=\"https:\/\/www.bca.ad\/wp-content\/uploads\/2019\/10\/el-basquet-club-andorra_celebracio.jpg 780w, https:\/\/www.bca.ad\/wp-content\/uploads\/2019\/10\/el-basquet-club-andorra_celebracio-600x400.jpg 600w, https:\/\/www.bca.ad\/wp-content\/uploads\/2019\/10\/el-basquet-club-andorra_celebracio-300x200.jpg 300w, https:\/\/www.bca.ad\/wp-content\/uploads\/2019\/10\/el-basquet-club-andorra_celebracio-768x512.jpg 768w\" data-expand=\"1\" \/><\/div><\/div>  <\/div><\/div><div class=\"eut-element eut-text\">\r\n\t\t\t<p>Estreno en la Oro con clasificaci\u00f3n a la final de la Copa Pr\u00edncipe y pasando de equipo revelaci\u00f3n a aspirante al ascenso. En la segunda temporada en la Oro, el equipo no era el \u00fanico que buscaba hacer un salto: tambi\u00e9n deb\u00edan hacerlo la masa social y el apoyo tanto privado como p\u00fablico, demostrando la ambici\u00f3n de un proyecto de pa\u00eds. Desde el inicio, una primera vuelta pr\u00e1cticamente perfecta volv\u00eda a poner al conjunto andorrano en la final de la <strong>Copa Pr\u00edncipe<\/strong>, y en la cuarta consecutiva, consigue levantar el t\u00edtulo frente a sus aficionados. Un t\u00edtulo de Copa que lleg\u00f3 antes del premio m\u00e1s grande: el ascenso a la<strong> Liga ACB<\/strong> luego de una temporada casi perfecta. El regreso a la <strong>Liga Endesa<\/strong> culminaba los esfuerzos de un club y de un equipo por volver a la mejor liga de Europa. Despu\u00e9s de veinte a\u00f1os, el BCA volv\u00eda a premiar a sus aficionados con la \u00e9lite del b\u00e1squet y levantaba la ilusi\u00f3n de un pa\u00eds que, a partir de la temporada 2014-15, volv\u00eda a disfrutar del mejor espect\u00e1culo.<\/p>\n<p>El club vivi\u00f3 a continuaci\u00f3n y de nuevo, la experiencia del m\u00e1ximo nivel con el regreso a la Liga Endesa. La trayectoria de los primeros a\u00f1os marc\u00f3 siempre una progresi\u00f3n. La temporada 2014\/15 se consiguieron 12 victorias y se finaliz\u00f3 en el puesto 14. La 2015\/16 tambi\u00e9n se sumaron 12 victorias y tambi\u00e9n se finaliz\u00f3 en el puesto 14 pero la permanencia lleg\u00f3 de forma menos sufrida. La 2016\/17 fue todo un estallido con el equipo terminando en 8\u00ba puesto y disputando en Playoff por el t\u00edtulo en el que cay\u00f3 eliminado por el Real Madrid por 2-1. La temporada regular se ganaron 16 partidos y se particip\u00f3 en la Copa del Rey en la que qued\u00f3 eliminado en cuartos de final por el Real Madrid. El \u00e9xito en esta temporada llev\u00f3 al club a participar en la edici\u00f3n 17\/18 de la Eurocup en la que se consiguieron 3 victorias en la primera fase de la competici\u00f3n. En la temporada 17\/18 en la ACB el equipo logr\u00f3 su mejor posici\u00f3n en la historia, sextos del campeonato con 19 victorias, resultado que nos permite disputar este a\u00f1o tambi\u00e9n la EuroCup. Posici\u00f3n que nos permiti\u00f3 jugar el Playoff contra el FC Barcelona, enfrentamiento en el que ca\u00edmos eliminados por 2-1.<\/p>\n\r\n\t\t<\/div>\r\n\t<div class=\"eut-element eut-image eut-align-center\" style=\"\"><div class=\"eut-image-wrapper eut-popup-item\" style=\"max-width:780px;\"><div class=\"eut-thumbnail-wrapper\"  style=\"max-width: 780px;\"><div class=\"eut-thumbnail\"  style=\"padding-top: 66.667%;\"><img loading=\"lazy\" decoding=\"async\" width=\"780\" height=\"520\" src=\"https:\/\/www.bca.ad\/wp-content\/uploads\/2019\/10\/el-basquet-club-andorra_campions.jpg\" class=\"attachment-full size-full eut-lazy-load lazyload\" alt=\"\" data-eutf-filter=\"yes\" srcset=\"https:\/\/www.bca.ad\/wp-content\/themes\/crocal\/images\/empty\/empty.png\" data-src=\"https:\/\/www.bca.ad\/wp-content\/uploads\/2019\/10\/el-basquet-club-andorra_campions.jpg\" data-sizes=\"auto\" data-srcset=\"https:\/\/www.bca.ad\/wp-content\/uploads\/2019\/10\/el-basquet-club-andorra_campions.jpg 780w, https:\/\/www.bca.ad\/wp-content\/uploads\/2019\/10\/el-basquet-club-andorra_campions-600x400.jpg 600w, https:\/\/www.bca.ad\/wp-content\/uploads\/2019\/10\/el-basquet-club-andorra_campions-300x200.jpg 300w, https:\/\/www.bca.ad\/wp-content\/uploads\/2019\/10\/el-basquet-club-andorra_campions-768x512.jpg 768w\" data-expand=\"1\" \/><\/div><\/div>  <\/div><\/div><div class=\"eut-element eut-text\">\r\n\t\t\t<p>El club comienza la temporada 2018\/19 con un hist\u00f3rico e ilusionante triunfo de la<strong> liga Catalana<\/strong> ante el FC Barcelona por 94-76. Para continuar con una temporada en la que se disputan dos competiciones, la Liga Endesa terminando en d\u00e9cima posici\u00f3n, y la EuroCup en la que el club realiza un papel impresionante y llega a las semifinales en las que cae ante un grande de Europa, Alba de Berl\u00edn. Finalizamos la temporada con un registro de partidos superior a los 50 en el que ganamos m\u00e1s de la mitad de los que hemos jugado y terminamos con un balance de 31 victorias y 26 derrotas. Las temporadas posteriores estuvieron marcadas por la incidencia de la pandemia mundial de Covid aunque dejaron momentos por el recuerdo de los aficionados. La temporada 2019-20 el club se clasific\u00f3 de nuevo por la fase final de la Copa, en la que lleg\u00f3 por primera vez a las semifinales derrotando a Iberostar Tenerife. La competici\u00f3n qued\u00f3 parada poco despu\u00e9s por el confinamiento y el equipo, que era sexto en ese momento en la liga, disput\u00f3 una fase final de la liga Endesa en un torneo de 12 equipos en Valencia en el que estuvo muy cerca de entrar en semifinales con una impactante victoria ante el Real Madrid coincidiendo con el inicio del 50 aniversario del club. En Europa se accedi\u00f3 tambi\u00e9n al Top16. Finalmente en 2019-20 el equipo acab\u00f3 d\u00e9cimo. La 20-21 el MoraBanc Andorra hizo un rush final extraordinario y en una temporada de menos a m\u00e1s acab\u00f3 9\u00ba estando a punto de meterse en el playoff por el t\u00edtulo. En Eurocup se entr\u00f3 en el Top16 y por poco no se entra en playoff. La 20-21 fue la temporada sin p\u00fablico por las restricciones de la pandemia y es importante recordar que empez\u00f3 con otro t\u00edtulo de la liga catalana conseguido de nuevo contra el Bar\u00e7a en la final pero esta vez con a\u00fan m\u00e1s m\u00e9rito porque va estar en el Palau Blaugrana. La 21-22 fue una temporada de mucho contraste entre Europa y la liga Endesa. En Europa el equipo estuvo a alt\u00edsimo nivel y jug\u00f3 por segunda vez en la historia del club las semifinales Eurocup y en la liga Endesa se acab\u00f3 bajando a la Leb Oro despu\u00e9s de una remontada final insuficiente. El MoraBanc Andorra disputa actualmente la liga de Leb Oro.<\/p>\n\r\n\t\t<\/div>\r\n\t<div class=\"eut-element eut-image eut-align-center\" style=\"\"><div class=\"eut-image-wrapper eut-popup-item\" style=\"max-width:780px;\"><div class=\"eut-thumbnail-wrapper\"  style=\"max-width: 780px;\"><div class=\"eut-thumbnail\"  style=\"padding-top: 66.667%;\"><img loading=\"lazy\" decoding=\"async\" width=\"780\" height=\"520\" src=\"https:\/\/www.bca.ad\/wp-content\/uploads\/2022\/12\/el-basquet-club-andorra_lliga-cat.jpg\" class=\"attachment-full size-full eut-lazy-load lazyload\" alt=\"\" data-eutf-filter=\"yes\" srcset=\"https:\/\/www.bca.ad\/wp-content\/themes\/crocal\/images\/empty\/empty.png\" data-src=\"https:\/\/www.bca.ad\/wp-content\/uploads\/2022\/12\/el-basquet-club-andorra_lliga-cat.jpg\" data-sizes=\"auto\" data-srcset=\"https:\/\/www.bca.ad\/wp-content\/uploads\/2022\/12\/el-basquet-club-andorra_lliga-cat.jpg 780w, https:\/\/www.bca.ad\/wp-content\/uploads\/2022\/12\/el-basquet-club-andorra_lliga-cat-300x200.jpg 300w, https:\/\/www.bca.ad\/wp-content\/uploads\/2022\/12\/el-basquet-club-andorra_lliga-cat-768x512.jpg 768w, https:\/\/www.bca.ad\/wp-content\/uploads\/2022\/12\/el-basquet-club-andorra_lliga-cat-600x400.jpg 600w\" data-expand=\"1\" \/><\/div><\/div>  <\/div><\/div><div class=\"eut-element eut-image eut-align-center\" style=\"\"><div class=\"eut-image-wrapper eut-popup-item\" style=\"max-width:780px;\"><div class=\"eut-thumbnail-wrapper\"  style=\"max-width: 780px;\"><div class=\"eut-thumbnail\"  style=\"padding-top: 66.667%;\"><img loading=\"lazy\" decoding=\"async\" width=\"780\" height=\"520\" src=\"https:\/\/www.bca.ad\/wp-content\/uploads\/2022\/12\/el-basquet-club-andorra_copa-malaga.jpg\" class=\"attachment-full size-full eut-lazy-load lazyload\" alt=\"\" data-eutf-filter=\"yes\" srcset=\"https:\/\/www.bca.ad\/wp-content\/themes\/crocal\/images\/empty\/empty.png\" data-src=\"https:\/\/www.bca.ad\/wp-content\/uploads\/2022\/12\/el-basquet-club-andorra_copa-malaga.jpg\" data-sizes=\"auto\" data-srcset=\"https:\/\/www.bca.ad\/wp-content\/uploads\/2022\/12\/el-basquet-club-andorra_copa-malaga.jpg 780w, https:\/\/www.bca.ad\/wp-content\/uploads\/2022\/12\/el-basquet-club-andorra_copa-malaga-300x200.jpg 300w, https:\/\/www.bca.ad\/wp-content\/uploads\/2022\/12\/el-basquet-club-andorra_copa-malaga-768x512.jpg 768w, https:\/\/www.bca.ad\/wp-content\/uploads\/2022\/12\/el-basquet-club-andorra_copa-malaga-600x400.jpg 600w\" data-expand=\"1\" \/><\/div><\/div>  <\/div><\/div><\/div><div class=\"eut-background-wrapper\"><\/div><\/div><\/div><div class=\"eut-column wpb_column eut-bookmark eut-column-1-3 bca-organigrama\" ><div class=\"eut-column-wrapper\"><div class=\"eut-column-content\" ><div class=\"eut-element eut-text\">\r\n\t\t\t<h3>CONSEJO DE ADMINISTRACI\u00d3N<\/h3>\n<table class=\"nz-table\">\n<tbody>\n<tr>\n<td><em>Presidente<\/em><\/td>\n<td>Sr. Gorka Aix\u00e0s Olea<\/td>\n<\/tr>\n<tr>\n<td><em>Vicepresidente<\/em><\/td>\n<td>Sr. Xavi Mujal Closa<\/td>\n<\/tr>\n<tr>\n<td><em>Vicepresidente<\/em><\/td>\n<td>Sr. Pere Aix\u00e0s<\/td>\n<\/tr>\n<tr>\n<td><em>Secretario<\/em><\/td>\n<td>Sr. Xavier Escribano<\/td>\n<\/tr>\n<tr>\n<td><em>Vocales<\/em><\/td>\n<td>Sr. Jordi Eudal<br \/>\nSr. Patric Rodr\u00edguez<\/td>\n<\/tr>\n<\/tbody>\n<\/table>\n\r\n\t\t<\/div>\r\n\t<div class=\"eut-element eut-text\">\r\n\t\t\t<h3>EQUIPO DIRECTIVO<\/h3>\n<table class=\"nz-table\" style=\"height: 312px;\">\n<tbody>\n<tr style=\"height: 24px;\">\n<td style=\"width: 682px; height: 24px;\"><em>Director General<\/em><\/td>\n<td style=\"width: 668px; height: 24px;\">Gorka Aix\u00e0s<\/td>\n<\/tr>\n<tr style=\"height: 24px;\">\n<td style=\"width: 682px; height: 24px;\"><em>Director Deportivo<\/em><\/td>\n<td style=\"width: 668px; height: 24px;\">Francesc Solana<\/td>\n<\/tr>\n<tr>\n<td style=\"width: 682px;\"><em>Directora Financera<\/em><\/td>\n<td style=\"width: 668px;\">Eva Iglesias<\/td>\n<\/tr>\n<tr style=\"height: 24px;\">\n<td style=\"width: 682px; height: 24px;\"><em>Director B\u00e1squet Formativo<\/em><\/td>\n<td style=\"width: 668px; height: 24px;\">David Eudal<\/td>\n<\/tr>\n<tr style=\"height: 24px;\">\n<td style=\"width: 682px; height: 24px;\"><em>Director M\u00e9dico<\/em><\/td>\n<td style=\"width: 668px; height: 24px;\">Xavi Gim\u00e9nez<\/td>\n<\/tr>\n<tr style=\"height: 24px;\">\n<td style=\"width: 682px; height: 24px;\"><em>Comunicaci\u00f3n y Premsa<\/em><\/td>\n<td style=\"width: 668px; height: 24px;\">Climent Viles<\/td>\n<\/tr>\n<tr style=\"height: 24px;\">\n<td style=\"width: 682px; height: 24px;\"><em>Audiovisual<\/em><\/td>\n<td style=\"width: 668px; height: 24px;\">N\u00faria Mel\u00e9ndez<\/td>\n<\/tr>\n<tr style=\"height: 24px;\">\n<td style=\"width: 682px; height: 24px;\"><em>Cumplimiento normativo, Ticketing y Concejal de partidos<\/em><\/td>\n<td style=\"width: 668px; height: 24px;\">Dot Mart\u00ed<\/td>\n<\/tr>\n<tr style=\"height: 24px;\">\n<td style=\"width: 682px; height: 24px;\"><em>M\u00e1rquetin y Patrocinios<\/em><\/td>\n<td style=\"width: 668px; height: 24px;\">Raimon Costas<\/td>\n<\/tr>\n<tr style=\"height: 48px;\">\n<td style=\"width: 682px; height: 48px;\"><em>Coordinadores B\u00e1squet Base<\/em><\/td>\n<td style=\"width: 668px; height: 48px;\">Jaume Tom\u00e0s<br \/>\nXavier Luque<\/td>\n<\/tr>\n<tr style=\"height: 24px;\">\n<td style=\"width: 682px; height: 24px;\"><em>Administraci\u00f3n, RSC y Protocolo<\/em><\/td>\n<td style=\"width: 668px; height: 24px;\">Natalia De Felipe<\/td>\n<\/tr>\n<tr style=\"height: 24px;\">\n<td style=\"width: 682px; height: 24px;\"><em>Contabilidad y Seguridad<\/em><\/td>\n<td style=\"width: 668px; height: 24px;\">Santi Arandes<\/td>\n<\/tr>\n<\/tbody>\n<\/table>\n\r\n\t\t<\/div>\r\n\t<div class=\"eut-element eut-text\">\r\n\t\t\t<h3>SOCIOS DE HONOR<\/h3>\n<ul>\n<li>Toni Bernad\u00f3<\/li>\n<li>Albert Llovera<\/li>\n<li>M\u00f2nica Ram\u00edrez<\/li>\n<li>Roger Vidosa<\/li>\n<li>Llu\u00eds Mar\u00edn<\/li>\n<li>Mireia Guti\u00e8rrez<\/li>\n<li>Kevin Esteve<\/li>\n<li>Unicef<\/li>\n<li>Eloi Garcia<\/li>\n<li>River Centre Comercial<\/li>\n<li>Denis Garcia<\/li>\n<li>Dani Garcia<\/li>\n<li>Cedric Gracia<\/li>\n<li>Sofia Cortesao<\/li>\n<li>Moss\u00e8n Ramon Rossell<\/li>\n<li>Paquita Mart\u00ednez<\/li>\n<li>Encarna L\u00f3pez<\/li>\n<li>Jaume Tom\u00e0s<\/li>\n<li>\u00c0lex Giribert<\/li>\n<li>Joan Verd\u00fa<\/li>\n<li>Joan Mart\u00ednez Benazet<\/li>\n<\/ul>\n\r\n\t\t<\/div>\r\n\t<\/div><div class=\"eut-background-wrapper\"><\/div><\/div><\/div><\/div><\/div><div class=\"eut-background-wrapper\"><\/div><\/div>\n","protected":false},"excerpt":{"rendered":"El B\u00e1squet Club Andorra fue fundado con el nombre de Club de Basket Les Escaldes, el d\u00eda 12 de junio de 1970. El a\u00f1o siguiente, concretamente el 12 de abril, se aprueba el cambio de nombre de la entidad por el actual B\u00e1squet Club Andorra.\u00a0 El primer \u00e9xito importante llega en la temporada 1981\/82, como [...]","protected":false},"author":102,"featured_media":0,"parent":0,"menu_order":0,"comment_status":"closed","ping_status":"open","template":"","meta":{"om_disable_all_campaigns":false,"inline_featured_image":false,"_monsterinsights_skip_tracking":false,"_monsterinsights_sitenote_active":false,"_monsterinsights_sitenote_note":"","_monsterinsights_sitenote_category":0,"_uf_show_specific_survey":0,"_uf_disable_surveys":false,"footnotes":""},"class_list":["post-6388","page","type-page","status-publish","hentry"],"aioseo_notices":[],"_links":{"self":[{"href":"https:\/\/www.bca.ad\/es\/wp-json\/wp\/v2\/pages\/6388","targetHints":{"allow":["GET"]}}],"collection":[{"href":"https:\/\/www.bca.ad\/es\/wp-json\/wp\/v2\/pages"}],"about":[{"href":"https:\/\/www.bca.ad\/es\/wp-json\/wp\/v2\/types\/page"}],"author":[{"embeddable":true,"href":"https:\/\/www.bca.ad\/es\/wp-json\/wp\/v2\/users\/102"}],"replies":[{"embeddable":true,"href":"https:\/\/www.bca.ad\/es\/wp-json\/wp\/v2\/comments?post=6388"}],"version-history":[{"count":0,"href":"https:\/\/www.bca.ad\/es\/wp-json\/wp\/v2\/pages\/6388\/revisions"}],"wp:attachment":[{"href":"https:\/\/www.bca.ad\/es\/wp-json\/wp\/v2\/media?parent=6388"}],"curies":[{"name":"wp","href":"https:\/\/api.w.org\/{rel}","templated":true}]}}